{"id":51,"date":"2025-03-10T17:40:56","date_gmt":"2025-03-10T17:40:56","guid":{"rendered":"https:\/\/yomegraduo.com\/?page_id=51"},"modified":"2025-03-10T17:43:18","modified_gmt":"2025-03-10T17:43:18","slug":"nosotros","status":"publish","type":"page","link":"https:\/\/yomegraduo.com\/?page_id=51","title":{"rendered":"Nosotros"},"content":{"rendered":"\t\t<div data-elementor-type=\"wp-post\" data-elementor-id=\"51\" class=\"elementor elementor-51\">\n\t\t\t\t<div class=\"elementor-element elementor-element-aa3218b e-flex e-con-boxed e-con e-parent\" data-id=\"aa3218b\" data-element_type=\"container\">\n\t\t\t\t\t<div class=\"e-con-inner\">\n\t\t\t\t<div class=\"elementor-element elementor-element-d217f0c elementor-widget elementor-widget-heading\" data-id=\"d217f0c\" data-element_type=\"widget\" data-widget_type=\"heading.default\">\n\t\t\t\t<div class=\"elementor-widget-container\">\n\t\t\t\t\t<h2 class=\"elementor-heading-title elementor-size-default\">\u00bfNOS CONOCEMOS?<\/h2>\t\t\t\t<\/div>\n\t\t\t\t<\/div>\n\t\t\t\t\t<\/div>\n\t\t\t\t<\/div>\n\t\t<div class=\"elementor-element elementor-element-e3a7c01 e-flex e-con-boxed e-con e-parent\" data-id=\"e3a7c01\" data-element_type=\"container\">\n\t\t\t\t\t<div class=\"e-con-inner\">\n\t\t<div class=\"elementor-element elementor-element-28112a9 e-con-full e-flex e-con e-child\" data-id=\"28112a9\" data-element_type=\"container\">\n\t\t\t\t<div class=\"elementor-element elementor-element-81407c0 elementor-widget elementor-widget-text-editor\" data-id=\"81407c0\" data-element_type=\"widget\" data-widget_type=\"text-editor.default\">\n\t\t\t\t<div class=\"elementor-widget-container\">\n\t\t\t\t\t\t\t\t\t<h1 style=\"text-align: center;\">Bienvenidos a <strong>YO ME GRADUO<\/strong><\/h1><p><strong>YO ME GRADUO <\/strong>es una marca que pertenece a On Air Eventos, nos especializamos en hacer realidad la celebraci\u00f3n de uno de los momentos m\u00e1s importantes en la vida de un estudiante: su graduaci\u00f3n. Sabemos lo significativo que es este evento, no solo para los graduados, sino tambi\u00e9n para sus familias y amigos. Por eso, nos dedicamos a ofrecer un servicio integral que transforma cada graduaci\u00f3n en una experiencia inolvidable.<\/p><p>Nuestro equipo est\u00e1 formado por profesionales apasionados y creativos que se encargan de cada detalle, desde la planificaci\u00f3n inicial hasta la ejecuci\u00f3n del evento. Nos aseguramos de que cada graduaci\u00f3n refleje la personalidad y los logros de los estudiantes, creando un ambiente festivo y lleno de emociones.<\/p><p>En <strong>YO ME GRADUO<\/strong>, trabajamos con proveedores confiables y ofrecemos una amplia gama de servicios, incluyendo decoraci\u00f3n tem\u00e1tica, catering, fotograf\u00eda y entretenimiento. Nos adaptamos a tus necesidades y presupuesto para garantizar que cada evento sea \u00fanico y memorable.<\/p><p>\u00a1Celebra con nosotros el \u00e9xito y el esfuerzo! Cont\u00e1ctanos hoy mismo para comenzar a planificar la graduaci\u00f3n perfecta.<\/p>\t\t\t\t\t\t\t\t<\/div>\n\t\t\t\t<\/div>\n\t\t\t\t<\/div>\n\t\t<div class=\"elementor-element elementor-element-7511617 e-con-full e-flex e-con e-child\" data-id=\"7511617\" data-element_type=\"container\">\n\t\t<div class=\"elementor-element elementor-element-52e58c1 e-con-full e-flex e-con e-child\" data-id=\"52e58c1\" data-element_type=\"container\">\n\t\t\t\t<div class=\"elementor-element elementor-element-e03fd2e elementor-widget elementor-widget-image\" data-id=\"e03fd2e\" data-element_type=\"widget\" data-widget_type=\"image.default\">\n\t\t\t\t<div class=\"elementor-widget-container\">\n\t\t\t\t\t\t\t\t\t\t\t\t\t\t\t<img fetchpriority=\"high\" decoding=\"async\" width=\"1024\" height=\"819\" src=\"https:\/\/yomegraduo.com\/wp-content\/uploads\/2025\/03\/WhatsApp-Image-2025-03-10-at-18.39.03-1024x819.jpeg\" class=\"attachment-large size-large wp-image-53\" alt=\"\" srcset=\"https:\/\/yomegraduo.com\/wp-content\/uploads\/2025\/03\/WhatsApp-Image-2025-03-10-at-18.39.03-1024x819.jpeg 1024w, https:\/\/yomegraduo.com\/wp-content\/uploads\/2025\/03\/WhatsApp-Image-2025-03-10-at-18.39.03-300x240.jpeg 300w, https:\/\/yomegraduo.com\/wp-content\/uploads\/2025\/03\/WhatsApp-Image-2025-03-10-at-18.39.03-768x614.jpeg 768w, https:\/\/yomegraduo.com\/wp-content\/uploads\/2025\/03\/WhatsApp-Image-2025-03-10-at-18.39.03.jpeg 1325w\" sizes=\"(max-width: 1024px) 100vw, 1024px\" \/>\t\t\t\t\t\t\t\t\t\t\t\t\t\t\t<\/div>\n\t\t\t\t<\/div>\n\t\t\t\t<\/div>\n\t\t<div class=\"elementor-element elementor-element-8daa2b5 e-con-full e-flex e-con e-child\" data-id=\"8daa2b5\" data-element_type=\"container\">\n\t\t\t\t<div class=\"elementor-element elementor-element-aa2c2b8 elementor-widget elementor-widget-image\" data-id=\"aa2c2b8\" data-element_type=\"widget\" data-widget_type=\"image.default\">\n\t\t\t\t<div class=\"elementor-widget-container\">\n\t\t\t\t\t\t\t\t\t\t\t\t\t\t\t<img decoding=\"async\" width=\"1024\" height=\"683\" src=\"https:\/\/yomegraduo.com\/wp-content\/uploads\/2025\/03\/WhatsApp-Image-2025-03-10-at-18.42.00-1024x683.jpeg\" class=\"attachment-large size-large wp-image-54\" alt=\"\" srcset=\"https:\/\/yomegraduo.com\/wp-content\/uploads\/2025\/03\/WhatsApp-Image-2025-03-10-at-18.42.00-1024x683.jpeg 1024w, https:\/\/yomegraduo.com\/wp-content\/uploads\/2025\/03\/WhatsApp-Image-2025-03-10-at-18.42.00-300x200.jpeg 300w, https:\/\/yomegraduo.com\/wp-content\/uploads\/2025\/03\/WhatsApp-Image-2025-03-10-at-18.42.00-768x512.jpeg 768w, https:\/\/yomegraduo.com\/wp-content\/uploads\/2025\/03\/WhatsApp-Image-2025-03-10-at-18.42.00.jpeg 1470w\" sizes=\"(max-width: 1024px) 100vw, 1024px\" \/>\t\t\t\t\t\t\t\t\t\t\t\t\t\t\t<\/div>\n\t\t\t\t<\/div>\n\t\t\t\t<\/div>\n\t\t\t\t<\/div>\n\t\t\t\t\t<\/div>\n\t\t\t\t<\/div>\n\t\t\t\t<\/div>\n\t\t","protected":false},"excerpt":{"rendered":"<p> [&hellip;]<\/p>\n","protected":false},"author":1,"featured_media":0,"parent":0,"menu_order":0,"comment_status":"closed","ping_status":"closed","template":"","meta":{"footnotes":""},"class_list":["post-51","page","type-page","status-publish","hentry"],"_links":{"self":[{"href":"https:\/\/yomegraduo.com\/index.php?rest_route=\/wp\/v2\/pages\/51","targetHints":{"allow":["GET"]}}],"collection":[{"href":"https:\/\/yomegraduo.com\/index.php?rest_route=\/wp\/v2\/pages"}],"about":[{"href":"https:\/\/yomegraduo.com\/index.php?rest_route=\/wp\/v2\/types\/page"}],"author":[{"embeddable":true,"href":"https:\/\/yomegraduo.com\/index.php?rest_route=\/wp\/v2\/users\/1"}],"replies":[{"embeddable":true,"href":"https:\/\/yomegraduo.com\/index.php?rest_route=%2Fwp%2Fv2%2Fcomments&post=51"}],"version-history":[{"count":4,"href":"https:\/\/yomegraduo.com\/index.php?rest_route=\/wp\/v2\/pages\/51\/revisions"}],"predecessor-version":[{"id":57,"href":"https:\/\/yomegraduo.com\/index.php?rest_route=\/wp\/v2\/pages\/51\/revisions\/57"}],"wp:attachment":[{"href":"https:\/\/yomegraduo.com\/index.php?rest_route=%2Fwp%2Fv2%2Fmedia&parent=51"}],"curies":[{"name":"wp","href":"https:\/\/api.w.org\/{rel}","templated":true}]}}